{"id":1850,"date":"2025-03-28T20:01:34","date_gmt":"2025-03-28T20:01:34","guid":{"rendered":"https:\/\/charisma.ca\/?page_id=1850"},"modified":"2025-03-28T20:05:08","modified_gmt":"2025-03-28T20:05:08","slug":"conditions-dutilisation","status":"publish","type":"page","link":"https:\/\/charisma.ca\/fr\/conditions-dutilisation\/","title":{"rendered":"Conditions d\u2019utilisation"},"content":{"rendered":"<p><strong>Exactitude<\/strong><\/p>\n<p>Les Immeubles Charisma inc. s&rsquo;efforce de garantir l&rsquo;exactitude des informations sur Charisma.ca, mais ne peut la garantir. Les erreurs seront corrig\u00e9es rapidement. Contactez le webmestre \u00e0 <a href=\"mailto:info@charisma.ca\">info@charisma.ca<\/a> pour signaler des erreurs.<\/p>\n<p><strong>Modalit\u00e9s d&rsquo;utilisation<\/strong><\/p>\n<ul>\n<li>En utilisant le site, vous acceptez ses conditions d&rsquo;utilisation. Cette politique s&rsquo;applique \u00e0 tous les produits et services de Charisma et ses affili\u00e9s.<\/li>\n<li>Le contenu du site est prot\u00e9g\u00e9 par des droits d&rsquo;auteur. Toute utilisation commerciale des donn\u00e9es est interdite sans autorisation pr\u00e9alable.<\/li>\n<li>Charisma n&rsquo;est pas responsable du contenu des sites tiers accessibles via des hyperliens.<\/li>\n<li>Les informations sur le site peuvent \u00eatre modifi\u00e9es \u00e0 tout moment sans pr\u00e9avis. Les utilisateurs doivent v\u00e9rifier r\u00e9guli\u00e8rement les mises \u00e0 jour.<\/li>\n<li>Les communications par courriel ne sont pas s\u00e9curis\u00e9es et peuvent \u00eatre intercept\u00e9es. Les Immeubles Charisma inc. Ne sont pas responsable des dommages li\u00e9s \u00e0 ces communications.<\/li>\n<\/ul>\n<p><strong>Limitation de la responsabilit\u00e9<\/strong><\/p>\n<p>Les Immeubles Charisma inc. et ses repr\u00e9sentants ne sont pas responsables des dommages li\u00e9s \u00e0 l&rsquo;utilisation du site. Le contenu du site est fourni \u00ab\u00a0tel quel\u00a0\u00bb sans garantie. Le site est r\u00e9gi par les lois de la province de Qu\u00e9bec. Consultez notre <span style=\"text-decoration: underline;\"><a href=\"\/fr\/politiques-et-pratiques\/\">politique de confidentialit\u00e9<\/a><\/span> plus d&rsquo;informations au sujet de la cueillette de renseignement personnels destin\u00e9e au bon d\u00e9roulement de nos op\u00e9rations courantes.<\/p>\n","protected":false},"excerpt":{"rendered":"<p>Exactitude Les Immeubles Charisma inc. s&rsquo;efforce de garantir l&rsquo;exactitude des informations sur Charisma.ca, mais ne peut la garantir. Les erreurs seront corrig\u00e9es rapidement. Contactez le webmestre \u00e0 info@charisma.ca pour signaler des erreurs. Modalit\u00e9s d&rsquo;utilisation En utilisant le site, vous acceptez ses conditions d&rsquo;utilisation. Cette politique s&rsquo;applique \u00e0 tous les produits et services de Charisma et [&hellip;]<\/p>\n","protected":false},"author":5,"featured_media":0,"parent":0,"menu_order":7,"comment_status":"closed","ping_status":"closed","template":"template-privacy.php","meta":{"_acf_changed":false,"footnotes":""},"class_list":["post-1850","page","type-page","status-publish","hentry"],"acf":[],"yoast_head":"<!-- This site is optimized with the Yoast SEO plugin v27.0 - https:\/\/yoast.com\/product\/yoast-seo-wordpress\/ -->\n<title>Conditions d\u2019utilisation - Les immeubles Charisma Inc.<\/title>\n<meta name=\"robots\" content=\"index, follow, max-snippet:-1, max-image-preview:large, max-video-preview:-1\" \/>\n<link rel=\"canonical\" href=\"https:\/\/charisma.ca\/fr\/conditions-dutilisation\/\" \/>\n<meta property=\"og:locale\" content=\"fr_FR\" \/>\n<meta property=\"og:type\" content=\"article\" \/>\n<meta property=\"og:title\" content=\"Conditions d\u2019utilisation - Les immeubles Charisma Inc.\" \/>\n<meta property=\"og:description\" content=\"Exactitude Les Immeubles Charisma inc. s&rsquo;efforce de garantir l&rsquo;exactitude des informations sur Charisma.ca, mais ne peut la garantir. Les erreurs seront corrig\u00e9es rapidement. Contactez le webmestre \u00e0 info@charisma.ca pour signaler des erreurs. Modalit\u00e9s d&rsquo;utilisation En utilisant le site, vous acceptez ses conditions d&rsquo;utilisation. Cette politique s&rsquo;applique \u00e0 tous les produits et services de Charisma et [&hellip;]\" \/>\n<meta property=\"og:url\" content=\"https:\/\/charisma.ca\/fr\/conditions-dutilisation\/\" \/>\n<meta property=\"og:site_name\" content=\"Les immeubles Charisma Inc.\" \/>\n<meta property=\"article:publisher\" content=\"https:\/\/www.facebook.com\/ImmeublesCharisma\/\" \/>\n<meta property=\"article:modified_time\" content=\"2025-03-28T20:05:08+00:00\" \/>\n<meta name=\"twitter:card\" content=\"summary_large_image\" \/>\n<meta name=\"twitter:label1\" content=\"Dur\u00e9e de lecture estim\u00e9e\" \/>\n\t<meta name=\"twitter:data1\" content=\"1 minute\" \/>\n<script type=\"application\/ld+json\" class=\"yoast-schema-graph\">{\"@context\":\"https:\/\/schema.org\",\"@graph\":[{\"@type\":\"WebPage\",\"@id\":\"https:\/\/charisma.ca\/fr\/conditions-dutilisation\/\",\"url\":\"https:\/\/charisma.ca\/fr\/conditions-dutilisation\/\",\"name\":\"Conditions d\u2019utilisation - Les immeubles Charisma Inc.\",\"isPartOf\":{\"@id\":\"https:\/\/charisma.ca\/fr\/#website\"},\"datePublished\":\"2025-03-28T20:01:34+00:00\",\"dateModified\":\"2025-03-28T20:05:08+00:00\",\"breadcrumb\":{\"@id\":\"https:\/\/charisma.ca\/fr\/conditions-dutilisation\/#breadcrumb\"},\"inLanguage\":\"fr-FR\",\"potentialAction\":[{\"@type\":\"ReadAction\",\"target\":[\"https:\/\/charisma.ca\/fr\/conditions-dutilisation\/\"]}]},{\"@type\":\"BreadcrumbList\",\"@id\":\"https:\/\/charisma.ca\/fr\/conditions-dutilisation\/#breadcrumb\",\"itemListElement\":[{\"@type\":\"ListItem\",\"position\":1,\"name\":\"Home\",\"item\":\"https:\/\/charisma.ca\/fr\/\"},{\"@type\":\"ListItem\",\"position\":2,\"name\":\"Conditions d\u2019utilisation\"}]},{\"@type\":\"WebSite\",\"@id\":\"https:\/\/charisma.ca\/fr\/#website\",\"url\":\"https:\/\/charisma.ca\/fr\/\",\"name\":\"Les immeubles Charisma Inc.\",\"description\":\"\",\"publisher\":{\"@id\":\"https:\/\/charisma.ca\/fr\/#organization\"},\"potentialAction\":[{\"@type\":\"SearchAction\",\"target\":{\"@type\":\"EntryPoint\",\"urlTemplate\":\"https:\/\/charisma.ca\/fr\/?s={search_term_string}\"},\"query-input\":{\"@type\":\"PropertyValueSpecification\",\"valueRequired\":true,\"valueName\":\"search_term_string\"}}],\"inLanguage\":\"fr-FR\"},{\"@type\":\"Organization\",\"@id\":\"https:\/\/charisma.ca\/fr\/#organization\",\"name\":\"Les immeubles Charisma Inc.\",\"url\":\"https:\/\/charisma.ca\/fr\/\",\"logo\":{\"@type\":\"ImageObject\",\"inLanguage\":\"fr-FR\",\"@id\":\"https:\/\/charisma.ca\/fr\/#\/schema\/logo\/image\/\",\"url\":\"https:\/\/charisma.ca\/wp-content\/uploads\/2025\/05\/Charisma-Ai-1.jpg\",\"contentUrl\":\"https:\/\/charisma.ca\/wp-content\/uploads\/2025\/05\/Charisma-Ai-1.jpg\",\"width\":525,\"height\":127,\"caption\":\"Les immeubles Charisma Inc.\"},\"image\":{\"@id\":\"https:\/\/charisma.ca\/fr\/#\/schema\/logo\/image\/\"},\"sameAs\":[\"https:\/\/www.facebook.com\/ImmeublesCharisma\/\",\"https:\/\/ca.linkedin.com\/company\/immeublescharisma\/\",\"https:\/\/www.instagram.com\/charismarealties\/\"]}]}<\/script>\n<!-- \/ Yoast SEO plugin. -->","yoast_head_json":{"title":"Conditions d\u2019utilisation - Les immeubles Charisma Inc.","robots":{"index":"index","follow":"follow","max-snippet":"max-snippet:-1","max-image-preview":"max-image-preview:large","max-video-preview":"max-video-preview:-1"},"canonical":"https:\/\/charisma.ca\/fr\/conditions-dutilisation\/","og_locale":"fr_FR","og_type":"article","og_title":"Conditions d\u2019utilisation - Les immeubles Charisma Inc.","og_description":"Exactitude Les Immeubles Charisma inc. s&rsquo;efforce de garantir l&rsquo;exactitude des informations sur Charisma.ca, mais ne peut la garantir. Les erreurs seront corrig\u00e9es rapidement. Contactez le webmestre \u00e0 info@charisma.ca pour signaler des erreurs. Modalit\u00e9s d&rsquo;utilisation En utilisant le site, vous acceptez ses conditions d&rsquo;utilisation. Cette politique s&rsquo;applique \u00e0 tous les produits et services de Charisma et [&hellip;]","og_url":"https:\/\/charisma.ca\/fr\/conditions-dutilisation\/","og_site_name":"Les immeubles Charisma Inc.","article_publisher":"https:\/\/www.facebook.com\/ImmeublesCharisma\/","article_modified_time":"2025-03-28T20:05:08+00:00","twitter_card":"summary_large_image","twitter_misc":{"Dur\u00e9e de lecture estim\u00e9e":"1 minute"},"schema":{"@context":"https:\/\/schema.org","@graph":[{"@type":"WebPage","@id":"https:\/\/charisma.ca\/fr\/conditions-dutilisation\/","url":"https:\/\/charisma.ca\/fr\/conditions-dutilisation\/","name":"Conditions d\u2019utilisation - Les immeubles Charisma Inc.","isPartOf":{"@id":"https:\/\/charisma.ca\/fr\/#website"},"datePublished":"2025-03-28T20:01:34+00:00","dateModified":"2025-03-28T20:05:08+00:00","breadcrumb":{"@id":"https:\/\/charisma.ca\/fr\/conditions-dutilisation\/#breadcrumb"},"inLanguage":"fr-FR","potentialAction":[{"@type":"ReadAction","target":["https:\/\/charisma.ca\/fr\/conditions-dutilisation\/"]}]},{"@type":"BreadcrumbList","@id":"https:\/\/charisma.ca\/fr\/conditions-dutilisation\/#breadcrumb","itemListElement":[{"@type":"ListItem","position":1,"name":"Home","item":"https:\/\/charisma.ca\/fr\/"},{"@type":"ListItem","position":2,"name":"Conditions d\u2019utilisation"}]},{"@type":"WebSite","@id":"https:\/\/charisma.ca\/fr\/#website","url":"https:\/\/charisma.ca\/fr\/","name":"Les immeubles Charisma Inc.","description":"","publisher":{"@id":"https:\/\/charisma.ca\/fr\/#organization"},"potentialAction":[{"@type":"SearchAction","target":{"@type":"EntryPoint","urlTemplate":"https:\/\/charisma.ca\/fr\/?s={search_term_string}"},"query-input":{"@type":"PropertyValueSpecification","valueRequired":true,"valueName":"search_term_string"}}],"inLanguage":"fr-FR"},{"@type":"Organization","@id":"https:\/\/charisma.ca\/fr\/#organization","name":"Les immeubles Charisma Inc.","url":"https:\/\/charisma.ca\/fr\/","logo":{"@type":"ImageObject","inLanguage":"fr-FR","@id":"https:\/\/charisma.ca\/fr\/#\/schema\/logo\/image\/","url":"https:\/\/charisma.ca\/wp-content\/uploads\/2025\/05\/Charisma-Ai-1.jpg","contentUrl":"https:\/\/charisma.ca\/wp-content\/uploads\/2025\/05\/Charisma-Ai-1.jpg","width":525,"height":127,"caption":"Les immeubles Charisma Inc."},"image":{"@id":"https:\/\/charisma.ca\/fr\/#\/schema\/logo\/image\/"},"sameAs":["https:\/\/www.facebook.com\/ImmeublesCharisma\/","https:\/\/ca.linkedin.com\/company\/immeublescharisma\/","https:\/\/www.instagram.com\/charismarealties\/"]}]}},"_links":{"self":[{"href":"https:\/\/charisma.ca\/fr\/wp-json\/wp\/v2\/pages\/1850","targetHints":{"allow":["GET"]}}],"collection":[{"href":"https:\/\/charisma.ca\/fr\/wp-json\/wp\/v2\/pages"}],"about":[{"href":"https:\/\/charisma.ca\/fr\/wp-json\/wp\/v2\/types\/page"}],"author":[{"embeddable":true,"href":"https:\/\/charisma.ca\/fr\/wp-json\/wp\/v2\/users\/5"}],"replies":[{"embeddable":true,"href":"https:\/\/charisma.ca\/fr\/wp-json\/wp\/v2\/comments?post=1850"}],"version-history":[{"count":5,"href":"https:\/\/charisma.ca\/fr\/wp-json\/wp\/v2\/pages\/1850\/revisions"}],"predecessor-version":[{"id":1856,"href":"https:\/\/charisma.ca\/fr\/wp-json\/wp\/v2\/pages\/1850\/revisions\/1856"}],"wp:attachment":[{"href":"https:\/\/charisma.ca\/fr\/wp-json\/wp\/v2\/media?parent=1850"}],"curies":[{"name":"wp","href":"https:\/\/api.w.org\/{rel}","templated":true}]}}